{"id":207,"date":"2024-02-06T08:51:57","date_gmt":"2024-02-06T08:51:57","guid":{"rendered":"https:\/\/trasterospublicos.com\/pagoonline\/?page_id=207"},"modified":"2024-02-06T09:08:41","modified_gmt":"2024-02-06T09:08:41","slug":"politica-de-privacidad","status":"publish","type":"page","link":"https:\/\/trasterospublicos.com\/pagoonline\/politica-de-privacidad\/","title":{"rendered":"Pol\u00edtica de Privacidad"},"content":{"rendered":"\t\t<div data-elementor-type=\"wp-page\" data-elementor-id=\"207\" class=\"elementor elementor-207\" data-elementor-post-type=\"page\">\n\t\t\t\t<div class=\"elementor-element elementor-element-17abbca e-flex e-con-boxed e-con e-parent\" data-id=\"17abbca\" data-element_type=\"container\">\n\t\t\t\t\t<div class=\"e-con-inner\">\n\t\t\t\t<div class=\"elementor-element elementor-element-fcc053d elementor-widget elementor-widget-text-editor\" data-id=\"fcc053d\" data-element_type=\"widget\" data-widget_type=\"text-editor.default\">\n\t\t\t\t<div class=\"elementor-widget-container\">\n\t\t\t\t\t\t\t\t\t<div class=\"elementor-element elementor-element-b409587 elementor-widget elementor-widget-heading animated fadeInUp\" data-id=\"b409587\" data-element_type=\"widget\" data-settings=\"{&quot;_animation&quot;:&quot;fadeInUp&quot;}\" data-widget_type=\"heading.default\"><div class=\"elementor-widget-container\">\u00a0<\/div><\/div><div class=\"elementor-element elementor-element-452443a elementor-widget__width-initial elementor-widget elementor-widget-text-editor\" data-id=\"452443a\" data-element_type=\"widget\" data-widget_type=\"text-editor.default\"><div class=\"elementor-widget-container\"><p>A efecto de lo previsto en la Ley Org\u00e1nica 15\/1999, de 13 de diciembre, de Protecci\u00f3n de Datos de Car\u00e1cter Personal, TRASTEROS P\u00daBLICOS S.L. (CIF: B97939938)\u00a0informa al Usuario de la existencia de un fichero con datos de car\u00e1cter personal inscrito en el R.G.P.D. (Registro General de Protecci\u00f3n de Datos), creado con la finalidad de realizar la gesti\u00f3n de la Fundaci\u00f3n con los usuarios, corredores, seguidores y potenciales.<\/p><h2 class=\"wp-block-heading\"><strong>ENVIO Y REGISTRO DE DATOS DE CAR\u00c1CTER PERSONAL<\/strong><\/h2><p>El env\u00edo de datos de car\u00e1cter personal es obligatorio para contactar y recibir informaci\u00f3n sobre las actividades y servicios de TRASTEROS P\u00daBLICOS S.L.<\/p><p>El no facilitar los datos personales solicitados o el no aceptar la presente pol\u00edtica de protecci\u00f3n de datos supone la imposibilidad de suscribirse, registrarse o recibir informaci\u00f3n de las actividades y servicios de TRASTEROS P\u00daBLICOS S.L.<\/p><p>De acuerdo a lo establecido en la Ley Org\u00e1nica 15\/1999, de 13 de diciembre, de Protecci\u00f3n de Datos de Car\u00e1cter Personal, le informamos que los datos personales que se obtengan como consecuencia de su env\u00edo de datos personales, ser\u00e1n incorporados a un fichero titularidad de TRASTEROS P\u00daBLICOS S.L. con <strong>domicilio en RABISANCHO, 27 Alfafar (46910), Valencia, Espa\u00f1a<\/strong>, teniendo implementadas todas las medidas de seguridad establecidas en el Real Decreto 1720\/2007.<\/p><h2 class=\"wp-block-heading\"><strong>EXACTITUD Y VERACIDAD DE LOS DATOS FACILITADOS<\/strong><\/h2><p>El Usuario que env\u00eda la informaci\u00f3n a <strong>TRASTEROS P\u00daBLICOS S.L.<\/strong> es el \u00fanico responsable de la veracidad y correcci\u00f3n de los datos incluidos, exoner\u00e1ndose la <strong>TRASTEROS P\u00daBLICOS S.L.<\/strong>\u00a0de cualquier responsabilidad al respecto.<\/p><p>Los usuarios garantizan y responden, en cualquier caso, de la exactitud, vigencia y autenticidad de los datos personales facilitados, y se comprometen a mantenerlos debidamente actualizados.<\/p><p>El usuario acepta proporcionar informaci\u00f3n completa y correcta en el formulario de registro o suscripci\u00f3n.<\/p><p><strong>TRASTEROS P\u00daBLICOS S.L.<\/strong> no responde de la veracidad de las informaciones que no sean de elaboraci\u00f3n propia y de las que se indique otra fuente, por lo que tampoco asume responsabilidad alguna en cuanto a hipot\u00e9ticos perjuicios que pudieran originarse por el uso de dicha informaci\u00f3n.<\/p><p>Se exonera a TRASTEROS P\u00daBLICOS S.L. de responsabilidad ante cualquier da\u00f1o o perjuicio que pudiera sufrir el Usuario como consecuencia de errores, defectos u omisiones, en la informaci\u00f3n facilitada por TRASTEROS P\u00daBLICOS S.L. siempre que proceda de fuentes ajenas a TRASTEROS P\u00daBLICOS S.L.<\/p><h2 class=\"wp-block-heading\"><strong>FINALIDADES<\/strong><\/h2><p>Las finalidades de la recogida de datos son el desarrollo de actividades y prestaci\u00f3n de informaci\u00f3n sobre actividades de TRASTEROS P\u00daBLICOS S.L.<\/p><h2 class=\"wp-block-heading\"><strong>CESI\u00d3N DE DATOS A TERCEROS<\/strong><\/h2><p>TRASTEROS P\u00daBLICOS S.L. no realizar\u00e1 cesi\u00f3n de los datos de los usuarios a terceros. No obstante, en el caso de ser cedidos a alguna empresa se producir\u00eda una informaci\u00f3n previa a la recogida solicitando el consentimiento expreso del afectado.<\/p><h2 class=\"wp-block-heading\"><strong>EJERCICIO DE DERECHOS DE ACCESO, RECTIFICACI\u00d3N, CANCELACI\u00d3N Y OPOSICI\u00d3N<\/strong><\/h2><p>Podr\u00e1 dirigir sus comunicaciones y ejercitar los derechos de acceso, rectificaci\u00f3n, cancelaci\u00f3n y oposici\u00f3n por correo: dirigido a TRASTEROS P\u00daBLICOS S.L., RABISANCHO, 27 Alfafar (46910), Valencia, Espa\u00f1a, para ejercer dichos derechos y en cumplimiento de la Instrucci\u00f3n 1\/1998, de 19 de enero, de la Agencia Espa\u00f1ola de Protecci\u00f3n de Datos, es necesario que usted acredite su personalidad frente a TRASTEROS P\u00daBLICOS S.L. mediante el env\u00edo de fotocopia de Documento Nacional de Identidad o cualquier otro medio v\u00e1lido en Derecho.<\/p><h2 class=\"wp-block-heading\"><strong>MEDIDAS DE SEGURIDAD INFORM\u00c1TICA<\/strong><\/h2><p>TRASTEROS P\u00daBLICOS S.L. ha adoptado los niveles de seguridad de protecci\u00f3n de los Datos Personales legalmente requeridos y recogidos en el RD 1720\/2007. No obstante, disponemos de otros medios adicionales, como son firewalls de \u00faltima generaci\u00f3n, aparte de medidas t\u00e9cnicas como software para la encriptaci\u00f3n de la informaci\u00f3n confidencial y control de acceso a la informaci\u00f3n de car\u00e1cter personal, usuarios restringidos, pol\u00edticas de seguridad, usuarios y contrase\u00f1as que caducan seg\u00fan exige la LOPD, y otros sistemas orientados a evitar el mal uso, alteraci\u00f3n, acceso no autorizado y robo de los Datos Personales facilitados TRASTEROS P\u00daBLICOS S.L.<\/p><p>TRASTEROS P\u00daBLICOS S.L. no ser\u00e1 responsable de posibles da\u00f1os o perjuicios que se pudieran derivar de interferencias, omisiones, interrupciones, virus inform\u00e1ticos, aver\u00edas telef\u00f3nicas o desconexiones en el funcionamiento operativo de este sistema electr\u00f3nico, motivadas por causas ajenas a TRASTEROS P\u00daBLICOS S.L.; de retrasos o bloqueos en el uso del presente sistema electr\u00f3nico causados por deficiencias o sobrecargas de l\u00edneas telef\u00f3nicas, en el sistema de Internet o en otros sistemas electr\u00f3nicos, as\u00ed como de da\u00f1os que puedan ser causados por terceras personas mediante intromisiones ileg\u00edtimas fuera del control de TRASTEROS P\u00daBLICOS S.L.<\/p><h2 class=\"wp-block-heading\"><strong>ACEPTACI\u00d3N Y CONSENTIMIENTO<\/strong><\/h2><p>El Usuario declara haber sido informado de las condiciones sobre protecci\u00f3n de datos de car\u00e1cter personal, aceptando y consintiendo el tratamiento de los mismos por parte de TRASTEROS P\u00daBLICOS S.L., en la forma y para las finalidades indicadas en la presente Pol\u00edtica de Protecci\u00f3n de Datos Personales.<\/p><\/div><\/div>\t\t\t\t\t\t\t\t<\/div>\n\t\t\t\t<\/div>\n\t\t\t\t\t<\/div>\n\t\t\t\t<\/div>\n\t\t\t\t<\/div>\n\t\t","protected":false},"excerpt":{"rendered":"<p>\u00a0 A efecto de lo previsto en la Ley Org\u00e1nica 15\/1999, de 13 de diciembre, de Protecci\u00f3n de Datos de Car\u00e1cter Personal, TRASTEROS P\u00daBLICOS S.L. (CIF: B97939938)\u00a0informa al Usuario de la existencia de un fichero con datos de car\u00e1cter personal inscrito en el R.G.P.D. (Registro General de Protecci\u00f3n de Datos), creado con la finalidad de [&hellip;]<\/p>\n","protected":false},"author":2,"featured_media":0,"parent":0,"menu_order":0,"comment_status":"closed","ping_status":"closed","template":"","meta":{"footnotes":""},"class_list":["post-207","page","type-page","status-publish","hentry"],"_links":{"self":[{"href":"https:\/\/trasterospublicos.com\/pagoonline\/wp-json\/wp\/v2\/pages\/207","targetHints":{"allow":["GET"]}}],"collection":[{"href":"https:\/\/trasterospublicos.com\/pagoonline\/wp-json\/wp\/v2\/pages"}],"about":[{"href":"https:\/\/trasterospublicos.com\/pagoonline\/wp-json\/wp\/v2\/types\/page"}],"author":[{"embeddable":true,"href":"https:\/\/trasterospublicos.com\/pagoonline\/wp-json\/wp\/v2\/users\/2"}],"replies":[{"embeddable":true,"href":"https:\/\/trasterospublicos.com\/pagoonline\/wp-json\/wp\/v2\/comments?post=207"}],"version-history":[{"count":4,"href":"https:\/\/trasterospublicos.com\/pagoonline\/wp-json\/wp\/v2\/pages\/207\/revisions"}],"predecessor-version":[{"id":211,"href":"https:\/\/trasterospublicos.com\/pagoonline\/wp-json\/wp\/v2\/pages\/207\/revisions\/211"}],"wp:attachment":[{"href":"https:\/\/trasterospublicos.com\/pagoonline\/wp-json\/wp\/v2\/media?parent=207"}],"curies":[{"name":"wp","href":"https:\/\/api.w.org\/{rel}","templated":true}]}}